{"id":589,"date":"2025-06-20T16:03:57","date_gmt":"2025-06-20T16:03:57","guid":{"rendered":"https:\/\/izquierdopardo.com\/politica-de-privacidad"},"modified":"2025-07-23T09:52:12","modified_gmt":"2025-07-23T09:52:12","slug":"politica-de-privacidad","status":"publish","type":"page","link":"https:\/\/izquierdopardo.com\/ca\/politica-de-privacidad","title":{"rendered":"Pol\u00edtica de privacidad"},"content":{"rendered":"<style>.elementor-589 .elementor-element.elementor-element-2624ef8a{--display:flex;--margin-top:100px;--margin-bottom:100px;--margin-left:0px;--margin-right:0px;}:root{--page-title-display:none;}<\/style>\t\t<div data-elementor-type=\"wp-page\" data-elementor-id=\"589\" class=\"elementor elementor-589 elementor-322\" data-elementor-post-type=\"page\">\n\t\t\t\t<div class=\"elementor-element elementor-element-2624ef8a e-flex e-con-boxed e-con e-parent\" data-id=\"2624ef8a\" data-element_type=\"container\" data-e-type=\"container\">\n\t\t\t\t\t<div class=\"e-con-inner\">\n\t\t\t\t<div class=\"elementor-element elementor-element-100e01d elementor-widget elementor-widget-heading\" data-id=\"100e01d\" data-element_type=\"widget\" data-e-type=\"widget\" data-widget_type=\"heading.default\">\n\t\t\t\t<div class=\"elementor-widget-container\">\n\t\t\t\t\t<h1 class=\"elementor-heading-title elementor-size-default\">Pol\u00edtica de privacidad<\/h1>\t\t\t\t<\/div>\n\t\t\t\t<\/div>\n\t\t\t\t<div class=\"elementor-element elementor-element-11b91ac elementor-widget elementor-widget-heading\" data-id=\"11b91ac\" data-element_type=\"widget\" data-e-type=\"widget\" data-widget_type=\"heading.default\">\n\t\t\t\t<div class=\"elementor-widget-container\">\n\t\t\t\t\t<h6 class=\"elementor-heading-title elementor-size-default\">POL\u00cdTICA DE PRIVACIDAD DE http:\/\/www.izquierdopardo.com\/ <\/h6>\t\t\t\t<\/div>\n\t\t\t\t<\/div>\n\t\t\t\t<div class=\"elementor-element elementor-element-4cccca2 elementor-widget elementor-widget-heading\" data-id=\"4cccca2\" data-element_type=\"widget\" data-e-type=\"widget\" data-widget_type=\"heading.default\">\n\t\t\t\t<div class=\"elementor-widget-container\">\n\t\t\t\t\t<h6 class=\"elementor-heading-title elementor-size-default\">Datos del propietario de la web:<\/h6>\t\t\t\t<\/div>\n\t\t\t\t<\/div>\n\t\t\t\t<div class=\"elementor-element elementor-element-b1a8404 elementor-widget elementor-widget-image\" data-id=\"b1a8404\" data-element_type=\"widget\" data-e-type=\"widget\" data-widget_type=\"image.default\">\n\t\t\t\t<div class=\"elementor-widget-container\">\n\t\t\t\t\t\t\t\t\t\t\t\t\t\t\t<img fetchpriority=\"high\" decoding=\"async\" width=\"614\" height=\"225\" src=\"https:\/\/izquierdopardo.com\/wp-content\/uploads\/2025\/07\/Politicadeprivacidad-03.jpg\" class=\"attachment-full size-full wp-image-1086\" alt=\"\" srcset=\"https:\/\/izquierdopardo.com\/wp-content\/uploads\/2025\/07\/Politicadeprivacidad-03.jpg 614w, https:\/\/izquierdopardo.com\/wp-content\/uploads\/2025\/07\/Politicadeprivacidad-03-300x110.jpg 300w\" sizes=\"(max-width: 614px) 100vw, 614px\" \/>\t\t\t\t\t\t\t\t\t\t\t\t\t\t\t<\/div>\n\t\t\t\t<\/div>\n\t\t\t\t<div class=\"elementor-element elementor-element-c80ee43 elementor-widget elementor-widget-heading\" data-id=\"c80ee43\" data-element_type=\"widget\" data-e-type=\"widget\" data-widget_type=\"heading.default\">\n\t\t\t\t<div class=\"elementor-widget-container\">\n\t\t\t\t\t<h6 class=\"elementor-heading-title elementor-size-default\">Protecci\u00f3n de datos<\/h6>\t\t\t\t<\/div>\n\t\t\t\t<\/div>\n\t\t\t\t<div class=\"elementor-element elementor-element-2ec0125 elementor-widget elementor-widget-text-editor\" data-id=\"2ec0125\" data-element_type=\"widget\" data-e-type=\"widget\" data-widget_type=\"text-editor.default\">\n\t\t\t\t<div class=\"elementor-widget-container\">\n\t\t\t\t\t\t\t\t\t<p>De conformidad con la normativa vigente y aplicable en protecci\u00f3n de datos de car\u00e1cter personal, le informamos que sus datos ser\u00e1n incorporados al sistema de tratamiento titularidad de IZQUIERDO PARDO SLP con NIF B62314703 y domicilio social sito en AVDA PAU CASALS 13-15 1,08021 BARCELONA(BARCELONA). A continuaci\u00f3n, se facilita la informaci\u00f3n de los tratamientos realizados: <\/p>\t\t\t\t\t\t\t\t<\/div>\n\t\t\t\t<\/div>\n\t\t\t\t<div class=\"elementor-element elementor-element-83a1737 elementor-widget elementor-widget-image\" data-id=\"83a1737\" data-element_type=\"widget\" data-e-type=\"widget\" data-widget_type=\"image.default\">\n\t\t\t\t<div class=\"elementor-widget-container\">\n\t\t\t\t\t\t\t\t\t\t\t\t\t\t\t<img decoding=\"async\" width=\"611\" height=\"443\" src=\"https:\/\/izquierdopardo.com\/wp-content\/uploads\/2025\/07\/Politicadeprivacidad-04.jpg\" class=\"attachment-full size-full wp-image-1100\" alt=\"\" srcset=\"https:\/\/izquierdopardo.com\/wp-content\/uploads\/2025\/07\/Politicadeprivacidad-04.jpg 611w, https:\/\/izquierdopardo.com\/wp-content\/uploads\/2025\/07\/Politicadeprivacidad-04-300x218.jpg 300w\" sizes=\"(max-width: 611px) 100vw, 611px\" \/>\t\t\t\t\t\t\t\t\t\t\t\t\t\t\t<\/div>\n\t\t\t\t<\/div>\n\t\t\t\t<div class=\"elementor-element elementor-element-a252bc6 elementor-widget elementor-widget-image\" data-id=\"a252bc6\" data-element_type=\"widget\" data-e-type=\"widget\" data-widget_type=\"image.default\">\n\t\t\t\t<div class=\"elementor-widget-container\">\n\t\t\t\t\t\t\t\t\t\t\t\t\t\t\t<img decoding=\"async\" width=\"610\" height=\"75\" src=\"https:\/\/izquierdopardo.com\/wp-content\/uploads\/2025\/07\/Politicadeprivacidad-05.jpg\" class=\"attachment-full size-full wp-image-1108\" alt=\"\" srcset=\"https:\/\/izquierdopardo.com\/wp-content\/uploads\/2025\/07\/Politicadeprivacidad-05.jpg 610w, https:\/\/izquierdopardo.com\/wp-content\/uploads\/2025\/07\/Politicadeprivacidad-05-300x37.jpg 300w\" sizes=\"(max-width: 610px) 100vw, 610px\" \/>\t\t\t\t\t\t\t\t\t\t\t\t\t\t\t<\/div>\n\t\t\t\t<\/div>\n\t\t\t\t<div class=\"elementor-element elementor-element-278c94f elementor-widget elementor-widget-text-editor\" data-id=\"278c94f\" data-element_type=\"widget\" data-e-type=\"widget\" data-widget_type=\"text-editor.default\">\n\t\t\t\t<div class=\"elementor-widget-container\">\n\t\t\t\t\t\t\t\t\t<p>A su vez, le informamos que puede contactar con el Delegado de Protecci\u00f3n de Datos, dirigi\u00e9ndose por escrito a la direcci\u00f3n de correo dpd.cliente@conversia.es o al tel\u00e9fono 872 987 665.<\/p>\n<h6><strong>Derechos de los interesados<\/strong><\/h6>\n<p>IZQUIERDO PARDO SLP informa a los Usuarios que, podr\u00e1 ejercer los derechos de acceso, rectificaci\u00f3n, limitaci\u00f3n, supresi\u00f3n, portabilidad, oposici\u00f3n al tratamiento de sus datos de car\u00e1cter personal y el derecho a no ser objeto de decisiones automatizadas, incluida la elaboraci\u00f3n de perfiles, ante el Responsable del Tratamiento, as\u00ed como a la retirada del consentimiento prestado.<\/p>\n<ul>\n<li>Derecho de Acceso: Es el derecho del usuario a obtener confirmaci\u00f3n sobre si se est\u00e1n tratando sus datos y, en tal caso, los concretos datos personales tratados y la informaci\u00f3n legal del tratamiento (finalidades, base legitimadora, plazos de conservaci\u00f3n, cesiones, origen de los datos, etc.).<\/li>\n<li>Derecho de Rectificaci\u00f3n: Es el derecho del afectado a que se modifiquen los datos que resulten ser inexactos o incompletos. En relaci\u00f3n a la p\u00e1gina web, s\u00f3lo podr\u00e1 satisfacerse en relaci\u00f3n a aquella informaci\u00f3n que se encuentre bajo el control del sitio web, por ejemplo,<\/li>\n<li>Eliminar comentarios publicados en la propia p\u00e1gina, im\u00e1genes o contenidos web donde consten datos de car\u00e1cter personal del usuario.<\/li>\n<li>Derecho a la Limitaci\u00f3n de tratamiento: Es el derecho a que se limiten los fines del tratamiento previstos de forma original por el responsable del tratamiento en determinados supuestos.<\/li>\n<li>Derecho de Supresi\u00f3n: Es el derecho a suprimir los datos de car\u00e1cter personal del usuario, a excepci\u00f3n de lo previsto en el propio RGPD (libertad de expresi\u00f3n e informaci\u00f3n, obligaciones de conservaci\u00f3n, formulaci\u00f3n, ejercicio o defensa de reclamaciones, etc.).<\/li>\n<li>Derecho a la Portabilidad: El derecho a recibir los datos personales que el usuario haya facilitado, en un formato estructurado, de uso com\u00fan y lectura mec\u00e1nica, y a transmitirlos a otro responsable cuando el tratamiento est\u00e1 basado en el consentimiento o en la ejecuci\u00f3n de un contrato y se efect\u00fae por medios automatizados.<\/li>\n<li>Derecho de Oposici\u00f3n: Es el derecho del usuario a que no se lleve a cabo el tratamiento de sus datos de car\u00e1cter personal o se cese el tratamiento de los mismos por parte del sitio web cuando el tratamiento est\u00e9 basado en el inter\u00e9s leg\u00edtimo o el inter\u00e9s p\u00fablico o cuando se trate de tratamientos de mercadotecnia directa.<\/li>\n<li>Derecho a no ser objeto de decisiones automatizadas, incluida la elaboraci\u00f3n de perfiles:<\/li>\n<li>Cuando el tratamiento no es necesario para la celebraci\u00f3n o ejecuci\u00f3n de un contrato, ni est\u00e1 autorizada por el Derecho de la Uni\u00f3n Europea o de los Estados miembros ni se basa en el consentimiento, tiene derecho a no ser objeto de una decisi\u00f3n basada \u00fanicamente en el tratamiento automatizado, incluida la elaboraci\u00f3n de perfiles, que produzca efectos jur\u00eddicos o le afecte significativamente de modo similar.<\/li>\n<li>Derecho a retirar el consentimiento: Para cualquier tratamiento basado en su consentimiento, tiene derecho a retirarlo, en cualquier momento y de manera gratuita.<\/li>\n<\/ul>\n<p>Para ejercer cualquiera de los derechos en materia de protecci\u00f3n de datos descritos anteriormente deber\u00e1 seguir las siguientes indicaciones:<\/p>\n<p>Presentaci\u00f3n de un escrito a la direcci\u00f3n AVDA PAU CASALS 13-15 1,08021 BARCELONA(BARCELONA) (a la atenci\u00f3n de IZQUIERDO PARDO SLP) o bien a trav\u00e9s de correo electr\u00f3nico a por correo electr\u00f3nico a izp@izquierdopardo.com .<\/p>\n<p>El escrito remitido por el titular de los datos personales (interesado\/a) que solicite el ejercicio de derechos deber\u00e1 tener en cuenta lo siguiente:<\/p>\n<p>o Deber\u00e1 identificarse fehacientemente y, en el caso de que concurran dudas sobre la identidad del solicitante, se le solicitar\u00e1 que subsane la petici\u00f3n (p. ej. solicitando m\u00e1s informaci\u00f3n, como el n\u00famero de DNI, el documento del DNI, el correo electr\u00f3nico que<br \/>aport\u00f3, etc.)<br \/>o La solicitud puede realizarla el representante, legal o voluntario, cuando \u00e9ste est\u00e9 debidamente identificado y autorizado por el titular de los datos (mediante una autorizaci\u00f3n expresa del titular para ejercer los derechos personal\u00edsimos regulados en la normativa en materia de protecci\u00f3n de datos personales).<br \/>o Petici\u00f3n en que se concreta la solicitud (Derecho\/s que se pretende\/n ejercer). Si no hace referencia a un tratamiento concreto se le facilitar\u00e1 respuesta en relaci\u00f3n a todos los tratamientos que afectan a sus datos de car\u00e1cter personal. Si solicita informaci\u00f3n de<br \/>un tratamiento en concreto, s\u00f3lo la informaci\u00f3n de \u00e9ste. Si lo solicita por tel\u00e9fono se le indicar\u00e1 que lo haga por escrito y se le informar\u00e1 de c\u00f3mo lo puede hacer y la direcci\u00f3n a la que tiene que enviarlo. Nunca se le dar\u00e1 informaci\u00f3n por tel\u00e9fono.<br \/>o Direcci\u00f3n postal o electr\u00f3nica a efectos de notificaciones.<br \/>o Documentos acreditativos de la petici\u00f3n que formula, en caso de que sean necesarios.<br \/>o La persona solicitante debe utilizar cualquier medio que permita acreditar el env\u00edo y la recepci\u00f3n de la solicitud.<\/p>\n<p>Por \u00faltimo, le informamos que tiene derecho a presentar una reclamaci\u00f3n ante la Agencia Espa\u00f1ola de Protecci\u00f3n de Datos en caso de que tenga conocimiento o considere que un hecho pueda suponer un incumplimiento de la normativa aplicable en materia de protecci\u00f3n de datos.<\/p>\n<p>IZQUIERDO PARDO SLP se compromete a adoptar las medidas t\u00e9cnicas y organizativas necesarias, acorde al nivel de riesgos que acompa\u00f1an los tratamientos realizados por \u00e9stas e indicados en este mismo apartado, de forma que garanticen su integridad, confidencialidad y disponibilidad.<\/p>\n<p>\u00daltima actualizaci\u00f3n: 4 de julio de 2025<\/p>\t\t\t\t\t\t\t\t<\/div>\n\t\t\t\t<\/div>\n\t\t\t\t\t<\/div>\n\t\t\t\t<\/div>\n\t\t\t\t<\/div>\n\t\t","protected":false},"excerpt":{"rendered":"<p>Pol\u00edtica de privacidad POL\u00cdTICA DE PRIVACIDAD DE http:\/\/www.izquierdopardo.com\/ Datos del propietario de la web: Protecci\u00f3n de datos De conformidad con la normativa vigente y aplicable en protecci\u00f3n de datos de car\u00e1cter personal, le informamos que sus datos ser\u00e1n incorporados al sistema de tratamiento titularidad de IZQUIERDO PARDO SLP con NIF B62314703 y domicilio social sito [&hellip;]<\/p>\n","protected":false},"author":1,"featured_media":0,"parent":0,"menu_order":0,"comment_status":"closed","ping_status":"closed","template":"","meta":{"footnotes":""},"class_list":["post-589","page","type-page","status-publish","hentry"],"_links":{"self":[{"href":"https:\/\/izquierdopardo.com\/ca\/wp-json\/wp\/v2\/pages\/589","targetHints":{"allow":["GET"]}}],"collection":[{"href":"https:\/\/izquierdopardo.com\/ca\/wp-json\/wp\/v2\/pages"}],"about":[{"href":"https:\/\/izquierdopardo.com\/ca\/wp-json\/wp\/v2\/types\/page"}],"author":[{"embeddable":true,"href":"https:\/\/izquierdopardo.com\/ca\/wp-json\/wp\/v2\/users\/1"}],"replies":[{"embeddable":true,"href":"https:\/\/izquierdopardo.com\/ca\/wp-json\/wp\/v2\/comments?post=589"}],"version-history":[{"count":33,"href":"https:\/\/izquierdopardo.com\/ca\/wp-json\/wp\/v2\/pages\/589\/revisions"}],"predecessor-version":[{"id":1172,"href":"https:\/\/izquierdopardo.com\/ca\/wp-json\/wp\/v2\/pages\/589\/revisions\/1172"}],"wp:attachment":[{"href":"https:\/\/izquierdopardo.com\/ca\/wp-json\/wp\/v2\/media?parent=589"}],"curies":[{"name":"wp","href":"https:\/\/api.w.org\/{rel}","templated":true}]}}