{"id":588,"date":"2025-06-20T16:05:07","date_gmt":"2025-06-20T16:05:07","guid":{"rendered":"https:\/\/izquierdopardo.com\/politica-de-cookies"},"modified":"2025-07-23T09:46:49","modified_gmt":"2025-07-23T09:46:49","slug":"politica-de-cookies","status":"publish","type":"page","link":"https:\/\/izquierdopardo.com\/ca\/politica-de-cookies","title":{"rendered":"Pol\u00edtica de cookies"},"content":{"rendered":"<style>.elementor-588 .elementor-element.elementor-element-6798efa9{--display:flex;--margin-top:100px;--margin-bottom:100px;--margin-left:0px;--margin-right:0px;}.elementor-588 .elementor-element.elementor-element-565e3e9 > .elementor-widget-container{margin:-28px 0px 0px 0px;}:root{--page-title-display:none;}<\/style>\t\t<div data-elementor-type=\"wp-page\" data-elementor-id=\"588\" class=\"elementor elementor-588 elementor-327\" data-elementor-post-type=\"page\">\n\t\t\t\t<div class=\"elementor-element elementor-element-6798efa9 e-flex e-con-boxed e-con e-parent\" data-id=\"6798efa9\" data-element_type=\"container\" data-e-type=\"container\">\n\t\t\t\t\t<div class=\"e-con-inner\">\n\t\t\t\t<div class=\"elementor-element elementor-element-e18257e elementor-widget elementor-widget-heading\" data-id=\"e18257e\" data-element_type=\"widget\" data-e-type=\"widget\" data-widget_type=\"heading.default\">\n\t\t\t\t<div class=\"elementor-widget-container\">\n\t\t\t\t\t<h1 class=\"elementor-heading-title elementor-size-default\">Pol\u00edtica de cookies<\/h1>\t\t\t\t<\/div>\n\t\t\t\t<\/div>\n\t\t\t\t<div class=\"elementor-element elementor-element-63ce811 elementor-widget elementor-widget-text-editor\" data-id=\"63ce811\" data-element_type=\"widget\" data-e-type=\"widget\" data-widget_type=\"text-editor.default\">\n\t\t\t\t<div class=\"elementor-widget-container\">\n\t\t\t\t\t\t\t\t\t<p>Conforme a lo dispuesto en el art\u00edculo 22.2 de la Ley 34\/2002, de 11 de julio, de Servicios de la Sociedad de la Informaci\u00f3n y de Comercio Electr\u00f3nico (LSSI-CE) vigente, IZQUIERDO PARDO SLP debe cumplir con la obligaci\u00f3n de informar sobre las cookies que utiliza y sus finalidades.<\/p><p>Este sitio web utiliza cookies y\/o tecnolog\u00edas similares que almacenan y recuperan informaci\u00f3n cuando navegas. Las cookies permiten a una p\u00e1gina web, entre otras cosas, almacenar y recuperar informaci\u00f3n sobre los h\u00e1bitos de navegaci\u00f3n de un Usuario o de su equipo y, dependiendo de la informaci\u00f3n que contenga y de la forma en que utilice su equipo, pueden utilizarse para reconocer al Usuario.<\/p><p>Las cookies son esenciales para el funcionamiento de internet, aportando innumerables ventajas en la prestaci\u00f3n de servicios interactivos, facilit\u00e1ndole al Usuario la navegaci\u00f3n y usabilidad de nuestra web.<\/p><p>El usuario puede modificar la configuraci\u00f3n personalizada AQU\u00cd.<\/p><p>La informaci\u00f3n que le proporcionamos a continuaci\u00f3n le ayudar\u00e1 a comprender los diferentes tipos de cookies:<\/p>\t\t\t\t\t\t\t\t<\/div>\n\t\t\t\t<\/div>\n\t\t\t\t<div class=\"elementor-element elementor-element-f4d8e40 elementor-widget elementor-widget-image\" data-id=\"f4d8e40\" data-element_type=\"widget\" data-e-type=\"widget\" data-widget_type=\"image.default\">\n\t\t\t\t<div class=\"elementor-widget-container\">\n\t\t\t\t\t\t\t\t\t\t\t\t\t\t\t<img fetchpriority=\"high\" decoding=\"async\" width=\"612\" height=\"610\" src=\"https:\/\/izquierdopardo.com\/wp-content\/uploads\/2025\/07\/Politicadecookies-14.jpg\" class=\"attachment-full size-full wp-image-1002\" alt=\"\" srcset=\"https:\/\/izquierdopardo.com\/wp-content\/uploads\/2025\/07\/Politicadecookies-14.jpg 612w, https:\/\/izquierdopardo.com\/wp-content\/uploads\/2025\/07\/Politicadecookies-14-300x300.jpg 300w, https:\/\/izquierdopardo.com\/wp-content\/uploads\/2025\/07\/Politicadecookies-14-150x150.jpg 150w\" sizes=\"(max-width: 612px) 100vw, 612px\" \/>\t\t\t\t\t\t\t\t\t\t\t\t\t\t\t<\/div>\n\t\t\t\t<\/div>\n\t\t\t\t<div class=\"elementor-element elementor-element-565e3e9 elementor-widget elementor-widget-image\" data-id=\"565e3e9\" data-element_type=\"widget\" data-e-type=\"widget\" data-widget_type=\"image.default\">\n\t\t\t\t<div class=\"elementor-widget-container\">\n\t\t\t\t\t\t\t\t\t\t\t\t\t\t\t<img decoding=\"async\" width=\"615\" height=\"243\" src=\"https:\/\/izquierdopardo.com\/wp-content\/uploads\/2025\/07\/Politicadecookies-15.jpg\" class=\"attachment-full size-full wp-image-1010\" alt=\"\" srcset=\"https:\/\/izquierdopardo.com\/wp-content\/uploads\/2025\/07\/Politicadecookies-15.jpg 615w, https:\/\/izquierdopardo.com\/wp-content\/uploads\/2025\/07\/Politicadecookies-15-300x119.jpg 300w\" sizes=\"(max-width: 615px) 100vw, 615px\" \/>\t\t\t\t\t\t\t\t\t\t\t\t\t\t\t<\/div>\n\t\t\t\t<\/div>\n\t\t\t\t<div class=\"elementor-element elementor-element-1565ddb elementor-widget elementor-widget-text-editor\" data-id=\"1565ddb\" data-element_type=\"widget\" data-e-type=\"widget\" data-widget_type=\"text-editor.default\">\n\t\t\t\t<div class=\"elementor-widget-container\">\n\t\t\t\t\t\t\t\t\t<p>Adicionalmente, IZQUIERDO PARDO SLP informa de manera m\u00e1s detallada de las cookies que utiliza sus titulares, el uso o finalidad concreta, los plazos de conservaci\u00f3n, as\u00ed como de las posibles Transferencias Internacionales de datos de cada una de ellas utilizadas en nuestra p\u00e1gina web:<\/p>\t\t\t\t\t\t\t\t<\/div>\n\t\t\t\t<\/div>\n\t\t\t\t<div class=\"elementor-element elementor-element-266f70f elementor-widget elementor-widget-image\" data-id=\"266f70f\" data-element_type=\"widget\" data-e-type=\"widget\" data-widget_type=\"image.default\">\n\t\t\t\t<div class=\"elementor-widget-container\">\n\t\t\t\t\t\t\t\t\t\t\t\t\t\t\t<img decoding=\"async\" width=\"612\" height=\"457\" src=\"https:\/\/izquierdopardo.com\/wp-content\/uploads\/2025\/07\/Politicadecookies-16.jpg\" class=\"attachment-full size-full wp-image-1024\" alt=\"\" srcset=\"https:\/\/izquierdopardo.com\/wp-content\/uploads\/2025\/07\/Politicadecookies-16.jpg 612w, https:\/\/izquierdopardo.com\/wp-content\/uploads\/2025\/07\/Politicadecookies-16-300x224.jpg 300w\" sizes=\"(max-width: 612px) 100vw, 612px\" \/>\t\t\t\t\t\t\t\t\t\t\t\t\t\t\t<\/div>\n\t\t\t\t<\/div>\n\t\t\t\t<div class=\"elementor-element elementor-element-e4e920b elementor-widget elementor-widget-image\" data-id=\"e4e920b\" data-element_type=\"widget\" data-e-type=\"widget\" data-widget_type=\"image.default\">\n\t\t\t\t<div class=\"elementor-widget-container\">\n\t\t\t\t\t\t\t\t\t\t\t\t\t\t\t<img loading=\"lazy\" decoding=\"async\" width=\"608\" height=\"415\" src=\"https:\/\/izquierdopardo.com\/wp-content\/uploads\/2025\/07\/Politicadecookies-17.jpg\" class=\"attachment-full size-full wp-image-1032\" alt=\"\" srcset=\"https:\/\/izquierdopardo.com\/wp-content\/uploads\/2025\/07\/Politicadecookies-17.jpg 608w, https:\/\/izquierdopardo.com\/wp-content\/uploads\/2025\/07\/Politicadecookies-17-300x205.jpg 300w\" sizes=\"(max-width: 608px) 100vw, 608px\" \/>\t\t\t\t\t\t\t\t\t\t\t\t\t\t\t<\/div>\n\t\t\t\t<\/div>\n\t\t\t\t<div class=\"elementor-element elementor-element-8cbc330 elementor-widget elementor-widget-text-editor\" data-id=\"8cbc330\" data-element_type=\"widget\" data-e-type=\"widget\" data-widget_type=\"text-editor.default\">\n\t\t\t\t<div class=\"elementor-widget-container\">\n\t\t\t\t\t\t\t\t\t<p>Puede informarse de las transferencias internacionales a terceros pa\u00edses que, en su caso, realizan los TERCEROS, identificados en esta pol\u00edtica de cookies, en sus correspondientes pol\u00edticas (hacer click encima del titular de la cookie).<\/p>\n<p>IZQUIERDO PARDO SLP informa de manera m\u00e1s exhaustiva la informaci\u00f3n relativa a las transferencias internacionales derivadas de la utilizaci\u00f3n de cookies propias:<\/p>\t\t\t\t\t\t\t\t<\/div>\n\t\t\t\t<\/div>\n\t\t\t\t<div class=\"elementor-element elementor-element-8fac13d elementor-widget elementor-widget-image\" data-id=\"8fac13d\" data-element_type=\"widget\" data-e-type=\"widget\" data-widget_type=\"image.default\">\n\t\t\t\t<div class=\"elementor-widget-container\">\n\t\t\t\t\t\t\t\t\t\t\t\t\t\t\t<img loading=\"lazy\" decoding=\"async\" width=\"617\" height=\"252\" src=\"https:\/\/izquierdopardo.com\/wp-content\/uploads\/2025\/07\/Politicadecookies-18.jpg\" class=\"attachment-full size-full wp-image-1034\" alt=\"\" srcset=\"https:\/\/izquierdopardo.com\/wp-content\/uploads\/2025\/07\/Politicadecookies-18.jpg 617w, https:\/\/izquierdopardo.com\/wp-content\/uploads\/2025\/07\/Politicadecookies-18-300x123.jpg 300w\" sizes=\"(max-width: 617px) 100vw, 617px\" \/>\t\t\t\t\t\t\t\t\t\t\t\t\t\t\t<\/div>\n\t\t\t\t<\/div>\n\t\t\t\t<div class=\"elementor-element elementor-element-152528a elementor-widget elementor-widget-text-editor\" data-id=\"152528a\" data-element_type=\"widget\" data-e-type=\"widget\" data-widget_type=\"text-editor.default\">\n\t\t\t\t<div class=\"elementor-widget-container\">\n\t\t\t\t\t\t\t\t\t<p>T\u00e9ngase en cuenta que, si acepta las cookies de terceros, deber\u00e1 eliminarlas desde las opciones del navegador o desde el sistema ofrecido por el propio tercero.<\/p><p>A continuaci\u00f3n, le proporcionamos los enlaces de diversos navegadores, a trav\u00e9s de los cuales podr\u00e1 modificar la configuraci\u00f3n de su navegador sobre el uso de cookies:<\/p><p>Firefox: <a href=\"https:\/\/support.mozilla.org\/es\/kb\/cookies-informacion-que-los-sitios-web-guardan-en\" target=\"_blank\" rel=\"noopener\">https:\/\/support.mozilla.org\/es\/kb\/cookies-informacion-que-los-sitios-web-guardan-en<\/a><\/p><p>Chrome: <a href=\"http:\/\/support.google.com\/chrome\/bin\/answer.py?hl=es&amp;answer=95647\" target=\"_blank\" rel=\"noopener\">http:\/\/support.google.com\/chrome\/bin\/answer.py?hl=es&amp;answer=95647<\/a><\/p><p>Internet Explorer: <a href=\"http:\/\/windows.microsoft.com\/es-es\/internet-explorer\/delete-managecookies#ie=ie-10\" target=\"_blank\" rel=\"noopener\">http:\/\/windows.microsoft.com\/es-es\/internet-explorer\/delete-managecookies#ie=ie-10<\/a> <br \/>Microsoft Edge: <a href=\"https:\/\/support.microsoft.com\/es-es\/microsoft-edge\/eliminar-las-cookies-enmicrosoft-edge-63947406-40ac-c3b8-57b9-2a946a29ae09\" target=\"_blank\" rel=\"noopener\">https:\/\/support.microsoft.com\/es-es\/microsoft-edge\/eliminar-las-cookies-enmicrosoft-edge-63947406-40ac-c3b8-57b9-2a946a29ae09<\/a><br \/>Safari: <a href=\"https:\/\/support.apple.com\/kb\/ph17191?\" target=\"_blank\" rel=\"noopener\">https:\/\/support.apple.com\/kb\/ph17191?<\/a>locale=es_ES<br \/>Opera: <a href=\"https:\/\/help.opera.com\/en\/latest\/web-preferences\/#cookies\" target=\"_blank\" rel=\"noopener\">https:\/\/help.opera.com\/en\/latest\/web-preferences\/#cookies<\/a><br \/>Para conocer m\u00e1s informaci\u00f3n sobre el tratamiento de datos personales, le recomendamos visitar nuestro apartado \u201c<a href=\"https:\/\/izquierdopardo.com\/politica-de-privacidad\">Pol\u00edtica de Privacidad<\/a>\u201d.<\/p><p>\u00daltima actualizaci\u00f3n: 4 de julio de 2025<\/p>\t\t\t\t\t\t\t\t<\/div>\n\t\t\t\t<\/div>\n\t\t\t\t\t<\/div>\n\t\t\t\t<\/div>\n\t\t\t\t<\/div>\n\t\t","protected":false},"excerpt":{"rendered":"<p>Pol\u00edtica de cookies Conforme a lo dispuesto en el art\u00edculo 22.2 de la Ley 34\/2002, de 11 de julio, de Servicios de la Sociedad de la Informaci\u00f3n y de Comercio Electr\u00f3nico (LSSI-CE) vigente, IZQUIERDO PARDO SLP debe cumplir con la obligaci\u00f3n de informar sobre las cookies que utiliza y sus finalidades. Este sitio web utiliza [&hellip;]<\/p>\n","protected":false},"author":1,"featured_media":0,"parent":0,"menu_order":0,"comment_status":"closed","ping_status":"closed","template":"","meta":{"footnotes":""},"class_list":["post-588","page","type-page","status-publish","hentry"],"_links":{"self":[{"href":"https:\/\/izquierdopardo.com\/ca\/wp-json\/wp\/v2\/pages\/588","targetHints":{"allow":["GET"]}}],"collection":[{"href":"https:\/\/izquierdopardo.com\/ca\/wp-json\/wp\/v2\/pages"}],"about":[{"href":"https:\/\/izquierdopardo.com\/ca\/wp-json\/wp\/v2\/types\/page"}],"author":[{"embeddable":true,"href":"https:\/\/izquierdopardo.com\/ca\/wp-json\/wp\/v2\/users\/1"}],"replies":[{"embeddable":true,"href":"https:\/\/izquierdopardo.com\/ca\/wp-json\/wp\/v2\/comments?post=588"}],"version-history":[{"count":78,"href":"https:\/\/izquierdopardo.com\/ca\/wp-json\/wp\/v2\/pages\/588\/revisions"}],"predecessor-version":[{"id":1166,"href":"https:\/\/izquierdopardo.com\/ca\/wp-json\/wp\/v2\/pages\/588\/revisions\/1166"}],"wp:attachment":[{"href":"https:\/\/izquierdopardo.com\/ca\/wp-json\/wp\/v2\/media?parent=588"}],"curies":[{"name":"wp","href":"https:\/\/api.w.org\/{rel}","templated":true}]}}